{"id":210,"date":"2013-07-26T13:21:26","date_gmt":"2013-07-26T13:21:26","guid":{"rendered":"http:\/\/novaweb.zonacomunicacio.com\/?page_id=210"},"modified":"2020-09-25T08:58:14","modified_gmt":"2020-09-25T08:58:14","slug":"que-toferim","status":"publish","type":"page","link":"https:\/\/zonacomunicacio.com\/?page_id=210","title":{"rendered":"|    zona services"},"content":{"rendered":"<p><img loading=\"lazy\" decoding=\"async\" class=\"aligncenter size-full wp-image-930\" src=\"http:\/\/zonacomunicacio.com\/wp-content\/uploads\/2013\/09\/zonacap3.jpg\" alt=\"\" width=\"1600\" height=\"230\" srcset=\"https:\/\/zonacomunicacio.com\/wp-content\/uploads\/2013\/09\/zonacap3.jpg 1600w, https:\/\/zonacomunicacio.com\/wp-content\/uploads\/2013\/09\/zonacap3-150x21.jpg 150w, https:\/\/zonacomunicacio.com\/wp-content\/uploads\/2013\/09\/zonacap3-300x43.jpg 300w, https:\/\/zonacomunicacio.com\/wp-content\/uploads\/2013\/09\/zonacap3-624x89.jpg 624w\" sizes=\"(max-width: 1600px) 100vw, 1600px\" \/><\/p>\n<p><span style=\"color: #ff0000;\"><strong>CAT&gt;<\/strong><\/span><\/p>\n<ul>\n<li><span style=\"color: #ff0000;\">Branding_<\/span>\u00a0Creaci\u00f3 d&#8217;imatge corporativa, logotips, aplicacions de marca, manual de identitat corporativa&#8230;<\/li>\n<li><span style=\"color: #ff0000;\">Editorial_<\/span> Conceptualitzaci\u00f3 i maquetaci\u00f3 de llibres,\u00a0cat\u00e0legs, revistes, \u00a0anuaris, mem\u00f2ries&#8230;<\/li>\n<li><span style=\"color: #ff0000;\">Publicitat_<\/span>\u00a0Anuncis i campanyes publicit\u00e0ries, cartells, flyers&#8230;<\/li>\n<li><span style=\"color: #ff0000;\">Packaging_<\/span>\u00a0Envasos de producte, bosses comercials, adaptacions.<\/li>\n<li><span style=\"color: #ff0000;\">Stands\/senyalitzaci\u00f3_<\/span> Conceptualitzaci\u00f3 i creaci\u00f3 de stands i sistemes de senyalitzaci\u00f3 per a edificis, espais oberts i instal\u00b7lacions ef\u00edmeres.<\/li>\n<li><span style=\"color: #ff0000;\">Web\/internet\/multim\u00e8dia_<\/span> Marketing on-line, disseny web, presentacions per a meetings.<\/li>\n<li><span style=\"color: #ff0000;\">Assessorament_ <span style=\"color: #000000;\">Pla estrat\u00e8gic per millorar la imatge de marca per a empreses i institucions.<\/span><\/span><\/li>\n<\/ul>\n<p><span style=\"color: #ff0000;\"><strong>ESP&gt;<\/strong><\/span><\/p>\n<ul>\n<li><span style=\"color: #ff0000;\">Branding_<\/span>\u00a0Creaci\u00f3n de imagen corporativa, logotipos, aplicaciones de marca, manual de identidad corporativa&#8230;<\/li>\n<li><span style=\"color: #ff0000;\">Editorial_<\/span>\u00a0Conceptualizaci\u00f3n y maquetaci\u00f3n de libros,\u00a0cat\u00e1logos, revistas, \u00a0anuarios, memorias&#8230;<\/li>\n<li><span style=\"color: #ff0000;\">Publicidad_<\/span>\u00a0Anuncios y campa\u00f1as publicitarias, carteles, flyers&#8230;<\/li>\n<li><span style=\"color: #ff0000;\">Packaging_<\/span>\u00a0Envases de producto, bolsas comerciales, adaptaciones.<\/li>\n<li><span style=\"color: #ff0000;\">Stands\/se\u00f1alizaci\u00f3n_<\/span>\u00a0Conceptualizaci\u00f3n y creacin de stands y sistemas de se\u00f1alizaci\u00f3n para edificios, espacios abiertos y instalaciones ef\u00edmeras.<\/li>\n<li><span style=\"color: #ff0000;\">Web\/internet\/multimedia_<\/span>\u00a0Marketing on-line, dise\u00f1o web, presentaciones para meetings.<\/li>\n<li><span style=\"color: #ff0000;\">Asesoramiento_\u00a0<\/span>Plan estrat\u00e9gico para mejorar la imagen de marca de empresas e instituciones.<\/li>\n<\/ul>\n<p><span style=\"color: #ff0000;\"><strong>ENG&gt;<\/strong><\/span><\/p>\n<ul>\n<li><span style=\"color: #ff0000;\">Branding<\/span><span style=\"color: #ff0000;\">_<\/span>\u00a0Corporate image, logotypes, brand applications, manual of corporate identity&#8230;<\/li>\n<li><span style=\"color: #ff0000;\">Publishing_\u00a0<\/span>Concept and layout for books,\u00a0catalogues, magazines, annual reports&#8230;<\/li>\n<li><span style=\"color: #ff0000;\">Advertising_<\/span>\u00a0Adverts and campaings,\u00a0posters.<\/li>\n<li><span style=\"color: #ff0000;\">Packaging_<\/span>\u00a0Packs of products, commercial bags, serials.<\/li>\n<li><span style=\"color: #ff0000;\">Stands\/signaling_\u00a0<\/span>Concept\u00a0and stands, signaling for buildings, outdoors and ephemeral installations.<\/li>\n<li><span style=\"color: #ff0000;\">Web\/internet\/multimedia_<\/span>\u00a0Marketing on-line, web design, presentations for meetings.<\/li>\n<li><span style=\"color: #ff0000;\">Counseling_\u00a0<\/span>Business support services for upgrading the branding of companies and institutions.<\/li>\n<\/ul>\n","protected":false},"excerpt":{"rendered":"<p>CAT&gt; Branding_\u00a0Creaci\u00f3 d&#8217;imatge corporativa, logotips, aplicacions de marca, manual de identitat corporativa&#8230; Editorial_ Conceptualitzaci\u00f3 i maquetaci\u00f3 de llibres,\u00a0cat\u00e0legs, revistes, \u00a0anuaris, mem\u00f2ries&#8230; Publicitat_\u00a0Anuncis i campanyes publicit\u00e0ries, cartells, flyers&#8230; Packaging_\u00a0Envasos de producte, bosses comercials, adaptacions. Stands\/senyalitzaci\u00f3_ Conceptualitzaci\u00f3 i creaci\u00f3 de stands i sistemes de senyalitzaci\u00f3 per a edificis, espais oberts i instal\u00b7lacions ef\u00edmeres. Web\/internet\/multim\u00e8dia_ Marketing on-line, disseny &hellip; <a href=\"https:\/\/zonacomunicacio.com\/?page_id=210\" class=\"more-link\">Seguir leyendo <span class=\"screen-reader-text\">|    zona services<\/span> <span class=\"meta-nav\">&rarr;<\/span><\/a><\/p>\n","protected":false},"author":2,"featured_media":0,"parent":0,"menu_order":1,"comment_status":"closed","ping_status":"closed","template":"","meta":{"footnotes":""},"_links":{"self":[{"href":"https:\/\/zonacomunicacio.com\/index.php?rest_route=\/wp\/v2\/pages\/210"}],"collection":[{"href":"https:\/\/zonacomunicacio.com\/index.php?rest_route=\/wp\/v2\/pages"}],"about":[{"href":"https:\/\/zonacomunicacio.com\/index.php?rest_route=\/wp\/v2\/types\/page"}],"author":[{"embeddable":true,"href":"https:\/\/zonacomunicacio.com\/index.php?rest_route=\/wp\/v2\/users\/2"}],"replies":[{"embeddable":true,"href":"https:\/\/zonacomunicacio.com\/index.php?rest_route=%2Fwp%2Fv2%2Fcomments&post=210"}],"version-history":[{"count":32,"href":"https:\/\/zonacomunicacio.com\/index.php?rest_route=\/wp\/v2\/pages\/210\/revisions"}],"predecessor-version":[{"id":2060,"href":"https:\/\/zonacomunicacio.com\/index.php?rest_route=\/wp\/v2\/pages\/210\/revisions\/2060"}],"wp:attachment":[{"href":"https:\/\/zonacomunicacio.com\/index.php?rest_route=%2Fwp%2Fv2%2Fmedia&parent=210"}],"curies":[{"name":"wp","href":"https:\/\/api.w.org\/{rel}","templated":true}]}}